{"id":1508,"date":"2025-06-29T12:12:50","date_gmt":"2025-06-29T12:12:50","guid":{"rendered":"https:\/\/offalylanguageacademy.com\/condiciones-generales\/"},"modified":"2025-07-09T13:35:10","modified_gmt":"2025-07-09T13:35:10","slug":"condiciones-generales","status":"publish","type":"page","link":"https:\/\/offalylanguageacademy.com\/es\/condiciones-generales\/","title":{"rendered":"Condiciones generales"},"content":{"rendered":"<div class=\"fusion-fullwidth fullwidth-box fusion-builder-row-1 fusion-flex-container has-pattern-background has-mask-background nonhundred-percent-fullwidth non-hundred-percent-height-scrolling\" style=\"--awb-border-radius-top-left:0px;--awb-border-radius-top-right:0px;--awb-border-radius-bottom-right:0px;--awb-border-radius-bottom-left:0px;--awb-flex-wrap:wrap;\" ><div class=\"fusion-builder-row fusion-row fusion-flex-align-items-flex-start fusion-flex-content-wrap\" style=\"max-width:1248px;margin-left: calc(-4% \/ 2 );margin-right: calc(-4% \/ 2 );\"><div class=\"fusion-layout-column fusion_builder_column fusion-builder-column-0 fusion_builder_column_1_1 1_1 fusion-flex-column\" style=\"--awb-padding-bottom:40px;--awb-bg-size:cover;--awb-width-large:100%;--awb-margin-top-large:0px;--awb-spacing-right-large:1.92%;--awb-margin-bottom-large:20px;--awb-spacing-left-large:1.92%;--awb-width-medium:100%;--awb-order-medium:0;--awb-spacing-right-medium:1.92%;--awb-spacing-left-medium:1.92%;--awb-width-small:100%;--awb-order-small:0;--awb-spacing-right-small:1.92%;--awb-spacing-left-small:1.92%;\" data-scroll-devices=\"small-visibility,medium-visibility,large-visibility\"><div class=\"fusion-column-wrapper fusion-column-has-shadow fusion-flex-justify-content-flex-start fusion-content-layout-column\"><div class=\"fusion-title title fusion-title-1 fusion-sep-none fusion-title-text fusion-title-size-two\" style=\"--awb-font-size:30px;\"><h2 class=\"fusion-title-heading title-heading-left\" style=\"margin:0;font-size:1em;\">Procesamiento de pagos<\/h2><\/div><div class=\"fusion-text fusion-text-1\"><p>Offaly Language Academy (OLA) utiliza Stripe, un proveedor de pagos seguro de terceros, para procesar los pagos con tarjeta en nuestro sitio web. Cuando realizas un pago, tu transacci\u00f3n es encriptada y gestionada de forma segura por Stripe. OLA no almacena ni procesa directamente los datos de tu tarjeta.  <\/p>\n<p>Al completar una transacci\u00f3n en nuestro sitio web, aceptas cumplir las <a href=\"https:\/\/stripe.com\/legal\" target=\"_blank\" rel=\"noopener\">Condiciones de servicio<\/a> y la <a href=\"https:\/\/stripe.com\/privacy\" target=\"_blank\" rel=\"noopener\">Pol\u00edtica de privacidad<\/a> de Stripe.<\/p>\n<\/div><div class=\"fusion-title title fusion-title-2 fusion-sep-none fusion-title-text fusion-title-size-two\" style=\"--awb-font-size:30px;\"><h2 class=\"fusion-title-heading title-heading-left\" style=\"margin:0;font-size:1em;\">Precio del curso y confirmaci\u00f3n de la reserva<\/h2><\/div><div class=\"fusion-text fusion-text-2\"><p>Todas las tasas del curso deben abonarse en su totalidad en el momento de la reserva, a menos que se indique lo contrario. Tu plaza s\u00f3lo se confirmar\u00e1 una vez que el pago se haya procesado correctamente. Recibir\u00e1s un correo electr\u00f3nico de confirmaci\u00f3n tras el pago. Si no recibes la confirmaci\u00f3n en 24 horas, ponte en contacto con nosotros directamente.<\/p>\n<\/div><div class=\"fusion-title title fusion-title-3 fusion-sep-none fusion-title-text fusion-title-size-two\" style=\"--awb-font-size:30px;\"><h2 class=\"fusion-title-heading title-heading-left\" style=\"margin:0;font-size:1em;\">Cancelaciones y devoluciones<\/h2><\/div><div class=\"fusion-text fusion-text-3\"><p>Los reembolsos est\u00e1n disponibles hasta 7 d\u00edas antes de la fecha de inicio del curso, a menos que se especifique lo contrario. Las solicitudes de reembolso deben hacerse por escrito v\u00eda correo electr\u00f3nico. Los reembolsos, si se aprueban, se procesar\u00e1n en el m\u00e9todo de pago original a trav\u00e9s de Stripe. No se efectuar\u00e1n reembolsos por no asistencia.<\/p>\n<\/div><div class=\"fusion-title title fusion-title-4 fusion-sep-none fusion-title-text fusion-title-size-two\" style=\"--awb-font-size:30px;\"><h2 class=\"fusion-title-heading title-heading-left\" style=\"margin:0;font-size:1em;\">Transacciones fallidas y litigios<\/h2><\/div><div class=\"fusion-text fusion-text-4\"><p>Si un pago falla o se impugna, nos reservamos el derecho a cancelar tu reserva hasta que se resuelva el asunto. Aceptas ponerte en contacto con nosotros en primera instancia para resolver cualquier problema de pago antes de iniciar una devoluci\u00f3n de cargo.<\/p>\n<\/div><div class=\"fusion-title title fusion-title-5 fusion-sep-none fusion-title-text fusion-title-size-two\" style=\"--awb-font-size:30px;\"><h2 class=\"fusion-title-heading title-heading-left\" style=\"margin:0;font-size:1em;\">Seguridad<\/h2><\/div><div class=\"fusion-text fusion-text-5\"><p>Tomamos todas las precauciones razonables para garantizar que tus datos se transmiten de forma segura. Sin embargo, OLA no se hace responsable de las violaciones de seguridad causadas por Stripe o por tu propio dispositivo o red.<\/p>\n<\/div><\/div><\/div><div class=\"fusion-layout-column fusion_builder_column fusion-builder-column-1 fusion_builder_column_1_1 1_1 fusion-flex-column\" style=\"--awb-bg-size:cover;--awb-width-large:100%;--awb-margin-top-large:0px;--awb-spacing-right-large:1.92%;--awb-margin-bottom-large:0px;--awb-spacing-left-large:1.92%;--awb-width-medium:100%;--awb-order-medium:0;--awb-spacing-right-medium:1.92%;--awb-spacing-left-medium:1.92%;--awb-width-small:100%;--awb-order-small:0;--awb-spacing-right-small:1.92%;--awb-spacing-left-small:1.92%;\" data-scroll-devices=\"small-visibility,medium-visibility,large-visibility\"><div class=\"fusion-column-wrapper fusion-column-has-shadow fusion-flex-justify-content-flex-start fusion-content-layout-column\"><div class=\"fusion-section-separator section-separator waves-brush fusion-section-separator-1\" style=\"--awb-spacer-height:50px;--awb-svg-margin-left:1.92%;--awb-svg-margin-right:1.92%;--awb-svg-margin-left-medium:1.92%;--awb-svg-margin-right-medium:1.92%;--awb-svg-margin-left-small:1.92%;--awb-svg-margin-right-small:1.92%;--awb-divider-height:50px;--awb-spacer-padding-top:inherit;--awb-divider-height-medium:40px;--awb-spacer-height-medium:40px;--awb-divider-height-small:30px;--awb-spacer-height-small:30px;--awb-bg-size:100% 50px;--awb-bg-size-medium:100% 40px;--awb-bg-size-small:100% 30px;\"><div class=\"fusion-section-separator-svg\"><div class=\"fusion-waves_brush-candy-sep fusion-section-separator-svg-bg\" style=\"background-image:url( data:image\/svg+xml;utf8,%3Csvg%20xmlns%3D%22http%3A%2F%2Fwww.w3.org%2F2000%2Fsvg%22%20version%3D%221.1%22%20width%3D%22100%25%22%20viewBox%3D%220%200%201666%20124%22%20preserveAspectRatio%3D%22none%22%20fill%3D%22rgba%2844%2C94%2C50%2C1%29%22%3E%3Cg%20clip-path%3D%22url%28%23clip0%29%22%3E%0A%09%09%09%09%09%09%09%09%09%09%09%09%09%3Cpath%20fill-rule%3D%22evenodd%22%20clip-rule%3D%22evenodd%22%20d%3D%22M0%2059.3392C53.3211%2062.6751%2074.4542%2068.7308%2096.869%2075.1537C111.655%2079.3905%20126.998%2083.7872%20152.507%2087.6684C246.274%20101.936%20310.235%2076.6378%20372.713%2051.9265C416.933%2034.4369%20460.409%2017.2411%20513.185%2014.5738C601.391%2010.1158%20638.744%2028.1556%20674.912%2045.6234C690.96%2053.3737%20706.774%2061.0114%20726.694%2066.5215C763.186%2076.6157%20806.204%2065.2888%20851.121%2053.4618C885.984%2044.2821%20921.991%2034.8012%20956.979%2034.8012C997.762%2034.8012%201020.74%2048.0409%201042.34%2060.4857C1063.14%2072.4726%201082.66%2083.7221%201115.59%2081.6921C1143.95%2079.9433%201163.18%2069.8168%201186.13%2057.7352C1217.48%2041.2339%201255.75%2021.0856%201333.67%2013.6544C1422.62%205.17156%201473.48%2022.4439%201515.72%2036.7884C1537.57%2044.2106%201557.12%2050.849%201578.44%2052.7301C1640.97%2058.2467%201656.22%2059.3392%201666.13%2059.3392V123.986H0V59.3392ZM626.861%2039.353C612.488%2034.9409%20587.866%2030.9952%20586.217%2032.6652C585.401%2033.4911%20591.747%2034.8251%20600.028%2036.566C608.491%2038.3452%20618.975%2040.5494%20625.901%2043.0703C631.855%2045.1667%20637.663%2047.8077%20642.601%2050.0529C649.535%2053.2058%20654.752%2055.5783%20656.248%2054.5667C658.808%2052.8346%20641.233%2043.765%20626.861%2039.353ZM1218.9%2062.3402V62.3406C1212.94%2065.1327%201203.36%2069.6209%201191.08%2072.956C1172.69%2077.2855%201173.15%2077.8808%201173.94%2078.9088C1173.96%2078.9334%201173.98%2078.9582%201173.99%2078.9834C1174.01%2079.0063%201174.03%2079.0294%201174.05%2079.0529C1174.07%2079.0929%201174.1%2079.1338%201174.13%2079.1757C1174.52%2079.7867%201191.86%2078.9063%201204.7%2074.0511C1217.15%2068.5849%201227.66%2060.0642%201225.48%2059.7547C1224.67%2059.64%201222.41%2060.6959%201218.9%2062.3402ZM1251.33%2048.0631C1245.43%2049.8427%201241.65%2050.9807%201241.29%2050.0478C1240.52%2048.0245%201254.08%2042.8646%201268.07%2039.138C1281.98%2036.0034%201297.03%2036.9174%201296.95%2037.5095C1296.94%2037.6001%201296.94%2037.6868%201296.94%2037.7705C1296.91%2038.7801%201296.9%2039.3649%201278.71%2041.4756C1268.05%2043.0265%201258.24%2045.983%201251.33%2048.0631ZM286.677%2097.0036C286.43%2096.0461%20282.539%2096.8712%20276.456%2098.1615C269.345%2099.6697%20259.238%20101.813%20248.45%20102.489C230.101%20103.109%20230.021%20103.69%20229.882%20104.693C229.871%20104.776%20229.859%20104.862%20229.836%20104.951C229.688%20105.534%20244.559%20107.669%20258.769%20105.682C273.128%20103.112%20287.212%2099.0803%20286.677%2097.0036ZM965.809%2054.8064C968.337%2054.8064%20970.386%2053.4814%20970.386%2051.8469C970.386%2050.2127%20968.337%2048.8874%20965.809%2048.8874C965.436%2048.8873%20965.04%2048.8796%20964.637%2048.8718C962.304%2048.8267%20959.706%2048.7764%20959.706%2050.1698C959.706%2050.9154%20960.45%2051.9456%20961.499%2052.8455C962.132%2053.9887%20963.823%2054.8064%20965.809%2054.8064ZM566.059%2043.7575C567.744%2043.7575%20569.11%2042.6091%20569.11%2041.1926C569.11%2039.776%20567.744%2038.6276%20566.059%2038.6276C564.373%2038.6276%20563.007%2039.776%20563.007%2041.1926C563.007%2042.6091%20564.373%2043.7575%20566.059%2043.7575Z%22%20fill%3D%22var%28--awb-color4%29%22%2F%3E%0A%09%09%09%09%09%09%09%09%09%09%09%09%09%3Cpath%20d%3D%22M782.272%2058.7885C781.355%2058.0241%20768.229%2061.0585%20753.759%2060.2544C739.56%2058.8995%20740.477%2059.6638%20739.935%2060.7653C739.664%2061.3161%20749.54%2064.8907%20760.125%2064.3965C770.98%2063.3515%20783.189%2059.5528%20782.272%2058.7885Z%22%20fill%3D%22var%28--awb-color4%29%22%2F%3E%0A%09%09%09%09%09%09%09%09%09%09%09%09%09%3Cpath%20d%3D%22M1365.46%201.61274C1365.85%20-1.05535%201395.63%200.11857%201412.68%201.35242C1429.74%202.58628%201451.31%206.38023%201448.6%207.88626C1445.9%209.39228%201429.32%205.51596%201412.23%203.86855C1395.84%202.18638%201365.06%204.28082%201365.46%201.61274Z%22%20fill%3D%22var%28--awb-color4%29%22%2F%3E%0A%09%09%09%09%09%09%09%09%09%09%09%09%09%3Cpath%20d%3D%22M599.703%206.32478C600.487%203.74412%20620.685%208.60805%20632.142%2011.9465C643.598%2015.2849%20657.662%2021.7094%20655.52%2022.8576C653.378%2024.0059%20642.753%2018.1215%20631.347%2014.3703C620.43%2010.6721%20598.919%208.90544%20599.703%206.32478Z%22%20fill%3D%22var%28--awb-color4%29%22%2F%3E%0A%09%09%09%09%09%09%09%09%09%09%09%09%09%3Cpath%20d%3D%22M935.239%2028.6501C936.625%2029.4482%20951.066%2026.7015%20968.587%2027.8807C986%2029.6116%20984.614%2028.8135%20984.833%2027.7102C984.942%2027.1586%20971.815%2023.2857%20959.417%2023.5206C946.909%2024.3072%20933.854%2027.852%20935.239%2028.6501Z%22%20fill%3D%22var%28--awb-color4%29%22%2F%3E%0A%09%09%09%09%09%09%09%09%09%09%09%09%09%3Cpath%20d%3D%22M539.802%203.35783C539.802%203.35783%20545.77%202.27983%20532.453%202.71829C519.137%203.15675%20486.715%203.16721%20468.597%206.10662C436.962%2011.4912%20416.043%2022.1625%20418.605%2024.3813C421.167%2026.6001%20448.462%2010.2554%20481.853%208.15584C495.795%207.15393%20521.66%206.3594%20533.786%204.56015C545.911%202.76089%20539.802%203.35783%20539.802%203.35783Z%22%20fill%3D%22var%28--awb-color4%29%22%2F%3E%0A%09%09%09%09%09%09%09%09%09%09%09%09%09%3Cpath%20d%3D%22M237.8%2077.2209C237.532%2080.5169%20210.482%2082.3409%20194.001%2082.0675C177.52%2081.7942%20156.532%2078.3298%20157.3%2075.497C158.067%2072.6642%20177.427%2078.9728%20194.155%2079.8724C210.248%2080.891%20238.067%2073.925%20237.8%2077.2209Z%22%20fill%3D%22var%28--awb-color4%29%22%2F%3E%0A%09%09%09%09%09%09%09%09%09%09%09%09%09%3Cpath%20d%3D%22M1590.54%2039.7177C1590.33%2038.8729%201573.25%2041.743%201564.21%2038.9695C1538.6%2032.37%201515.19%2022.7021%201516.19%2025.247C1517.19%2027.7918%201553.29%2040.337%201565.05%2042.3487C1582.35%2046.1956%201590.75%2040.5625%201590.54%2039.7177Z%22%20fill%3D%22var%28--awb-color4%29%22%2F%3E%0A%09%09%09%09%09%09%09%09%09%09%09%09%09%3Cpath%20d%3D%22M1507.46%2021.9555C1507.46%2023.3721%201506.09%2024.5204%201504.4%2024.5204C1502.72%2024.5204%201501.35%2023.3721%201501.35%2021.9555C1501.35%2020.5389%201502.72%2019.3905%201504.4%2019.3905C1506.09%2019.3905%201507.46%2020.5389%201507.46%2021.9555Z%22%20fill%3D%22var%28--awb-color4%29%22%2F%3E%0A%09%09%09%09%09%09%09%09%09%09%09%09%09%3C%2Fg%3E%0A%09%09%09%09%09%09%09%09%09%09%09%09%09%3Cdefs%3E%0A%09%09%09%09%09%09%09%09%09%09%09%09%09%3CclipPath%20id%3D%22clip0%22%3E%0A%09%09%09%09%09%09%09%09%09%09%09%09%09%3Crect%20width%3D%221666%22%20height%3D%22124%22%20fill%3D%22white%22%2F%3E%0A%09%09%09%09%09%09%09%09%09%09%09%09%09%3C%2FclipPath%3E%0A%09%09%09%09%09%09%09%09%09%09%09%09%09%3C%2Fdefs%3E%3C%2Fsvg%3E );\"><\/div><\/div><div class=\"fusion-section-separator-spacer\"><div class=\"fusion-section-separator-spacer-height\"><\/div><\/div><\/div><\/div><\/div><\/div><\/div>\n","protected":false},"excerpt":{"rendered":"","protected":false},"author":1,"featured_media":0,"parent":0,"menu_order":0,"comment_status":"closed","ping_status":"closed","template":"100-width.php","meta":{"footnotes":""},"class_list":["post-1508","page","type-page","status-publish","hentry"],"_links":{"self":[{"href":"https:\/\/offalylanguageacademy.com\/es\/wp-json\/wp\/v2\/pages\/1508","targetHints":{"allow":["GET"]}}],"collection":[{"href":"https:\/\/offalylanguageacademy.com\/es\/wp-json\/wp\/v2\/pages"}],"about":[{"href":"https:\/\/offalylanguageacademy.com\/es\/wp-json\/wp\/v2\/types\/page"}],"author":[{"embeddable":true,"href":"https:\/\/offalylanguageacademy.com\/es\/wp-json\/wp\/v2\/users\/1"}],"replies":[{"embeddable":true,"href":"https:\/\/offalylanguageacademy.com\/es\/wp-json\/wp\/v2\/comments?post=1508"}],"version-history":[{"count":2,"href":"https:\/\/offalylanguageacademy.com\/es\/wp-json\/wp\/v2\/pages\/1508\/revisions"}],"predecessor-version":[{"id":1510,"href":"https:\/\/offalylanguageacademy.com\/es\/wp-json\/wp\/v2\/pages\/1508\/revisions\/1510"}],"wp:attachment":[{"href":"https:\/\/offalylanguageacademy.com\/es\/wp-json\/wp\/v2\/media?parent=1508"}],"curies":[{"name":"wp","href":"https:\/\/api.w.org\/{rel}","templated":true}]}}